{"id":10330,"date":"2025-04-06T17:45:05","date_gmt":"2025-04-06T15:45:05","guid":{"rendered":"https:\/\/salondata.fr\/?page_id=10330"},"modified":"2025-04-06T18:11:20","modified_gmt":"2025-04-06T16:11:20","slug":"cpf-2025","status":"publish","type":"page","link":"https:\/\/salondata.fr\/index.php\/cpf-2025\/","title":{"rendered":"CFP-2025"},"content":{"rendered":"\t\t<div data-elementor-type=\"wp-post\" data-elementor-id=\"10330\" class=\"elementor elementor-10330\" data-elementor-post-type=\"page\">\n\t\t\t\t\t\t<section class=\"elementor-section elementor-top-section elementor-element elementor-element-ec123a2 elementor-section-content-middle elementor-section-boxed elementor-section-height-default elementor-section-height-default\" data-id=\"ec123a2\" data-element_type=\"section\">\n\t\t\t\t\t\t<div class=\"elementor-container elementor-column-gap-default\">\n\t\t\t\t\t<div class=\"elementor-column elementor-col-100 elementor-top-column elementor-element elementor-element-f6b0a3a\" data-id=\"f6b0a3a\" data-element_type=\"column\">\n\t\t\t<div class=\"elementor-widget-wrap elementor-element-populated\">\n\t\t\t\t\t\t<div class=\"elementor-element elementor-element-288cf86 elementor-widget__width-initial elementor-vertical-align-top elementor-widget elementor-widget-image-box\" data-id=\"288cf86\" data-element_type=\"widget\" data-widget_type=\"image-box.default\">\n\t\t\t\t<div class=\"elementor-widget-container\">\n\t\t\t\t\t<div class=\"elementor-image-box-wrapper\"><div class=\"elementor-image-box-content\"><h3 class=\"elementor-image-box-title\">Comment se d\u00e9roule le processus de s\u00e9lection des conf\u00e9rences au Salon de la Data et de l'IA ?<\/h3><\/div><\/div>\t\t\t\t<\/div>\n\t\t\t\t<\/div>\n\t\t\t\t<div class=\"elementor-element elementor-element-5918638 elementor-widget elementor-widget-text-editor\" data-id=\"5918638\" data-element_type=\"widget\" data-widget_type=\"text-editor.default\">\n\t\t\t\t<div class=\"elementor-widget-container\">\n\t\t\t\t\t\t\t\t\t<p>L&rsquo;organisation de la journ\u00e9e repose autour de 80 conf\u00e9rences !<br \/>Les sujets des conf\u00e9rences devront \u00e9clairer les th\u00e9matiques IA et DATA si possible de fa\u00e7on g\u00e9n\u00e9rale et non pas par des solutions trop priv\u00e9es et particuli\u00e8res. En outre, les retours concrets d&rsquo;exp\u00e9riences seront tr\u00e8s appr\u00e9ci\u00e9s.<br \/>Le processus de s\u00e9lection intervient d\u00e9but juin, apr\u00e8s le d\u00e9p\u00f4t des conf\u00e9rences via l&rsquo;appel au conf\u00e9renciers. Celui-ci a lieu entre mi-avril et fin mai.<\/p><p>Parmi ces conf\u00e9rences :<br \/>&#8211; Un tiers est affect\u00e9 aux invit\u00e9s, tables rondes et co-organisateurs<br \/>&#8211; Pour les deux autres tiers, les sujets de conf\u00e9rences sont \u00e9tudi\u00e9s par l&rsquo;\u00e9quipe de programmation selon un syst\u00e8me de notation portant sur l&rsquo;originalit\u00e9, la qualit\u00e9 et la pertinence du sujet.<\/p><p style=\"padding-left: 40px;\"><strong>1\u00e8re \u00e9tape :<\/strong><br \/>Chaque personne du comit\u00e9 de s\u00e9lections lit avec attention chaque sujet et soumet une note. \u00c0 l\u2019issue de cette phase, un premier classement appara\u00eet suivant la moyenne des notes.<\/p><p style=\"padding-left: 40px;\"><strong>2\u00e8me \u00e9tape :<\/strong><br \/>Lors d&rsquo;une r\u00e9union de programmation, les conf\u00e9rences sont s\u00e9lectionn\u00e9es en fonction de leur note ET du sujet. Ainsi m\u00eame avec une tr\u00e8s bonne notation, une conf\u00e9rence peut ne pas \u00eatre retenue s&rsquo;il y a d\u00e9j\u00e0 des conf\u00e9rences sur le m\u00eame sujet ou avec des entreprises d\u00e9j\u00e0 fortement pr\u00e9sentes. <br \/>\u00c0 noter, afin d&rsquo;avoir un maximum de prise de paroles diff\u00e9rentes, nous faisons le maximum pour \u00e9viter qu&rsquo;un conf\u00e9rencier.e ou une soci\u00e9t\u00e9 ait plus de 2 conf\u00e9rences.<\/p><p style=\"padding-left: 40px;\"><strong>3\u00e8me \u00e9tape :<\/strong><br \/>Suite \u00e0 la r\u00e9union de programmation, les conf\u00e9renciers et conf\u00e9renci\u00e8res s\u00e9lectionn\u00e9\u00b7e\u00b7s sont pr\u00e9venus dans les jours suivants par email, \u00e0 l\u2019adresse communiqu\u00e9e lors de la soumission du sujet. Les personnes non-retenues re\u00e7oivent \u00e9galement une notification.<\/p><p style=\"padding-left: 40px;\"><strong>4\u00e8me \u00e9tape :<\/strong><br \/>Enfin, une shortlist permettant de remplacer les conf\u00e9rencier\u00b7e\u00b7s s\u00e9lectionn\u00e9\u00b7e\u00b7s qui d\u00e9clinent l\u2019invitation est mise en place : les personnes concern\u00e9es sont \u00e9galement contact\u00e9es dans les jours suivants la r\u00e9union de programmation.<\/p><p>Nous recevons de tr\u00e8s nombreux sujets \u00e0 chaque appel \u00e0 conf\u00e9renciers, il est donc important que le titre, la description et les commentaires pour le comit\u00e9 de s\u00e9lection soient le plus clair possible car nous les reprenons tels quels sur le site.<br \/>Nous n\u2019avons qu\u2019une soixantaine de cr\u00e9neaux disponibles pour chaque \u00e9v\u00e9nement. Le choix est donc souvent difficile et la qualit\u00e9 d\u2019un talk n\u2019est pas forc\u00e9ment en question lorsqu\u2019il est refus\u00e9.<br \/>Le manque de temps ne nous permet pas de donner \u00e0 chacun une r\u00e9ponse individualis\u00e9e expliquant les raisons du refus. Cependant, si vous souhaitez avoir plus de d\u00e9tails, vous pouvez contacter notre \u00e9quipe qui vous donnera des \u00e9claircissements.<\/p>\t\t\t\t\t\t\t\t<\/div>\n\t\t\t\t<\/div>\n\t\t\t\t\t<\/div>\n\t\t<\/div>\n\t\t\t\t\t<\/div>\n\t\t<\/section>\n\t\t\t\t<\/div>\n\t\t","protected":false},"excerpt":{"rendered":"<p>Comment se d\u00e9roule le processus de s\u00e9lection des conf\u00e9rences au Salon de la Data et de l&rsquo;IA ? L&rsquo;organisation de la journ\u00e9e repose autour de 80 conf\u00e9rences !Les sujets des conf\u00e9rences devront \u00e9clairer les th\u00e9matiques IA et DATA si possible de fa\u00e7on g\u00e9n\u00e9rale et non pas par des solutions trop priv\u00e9es et particuli\u00e8res. En outre, [&hellip;]<\/p>\n","protected":false},"author":12,"featured_media":0,"parent":0,"menu_order":0,"comment_status":"closed","ping_status":"closed","template":"","meta":{"ocean_post_layout":"","ocean_both_sidebars_style":"","ocean_both_sidebars_content_width":0,"ocean_both_sidebars_sidebars_width":0,"ocean_sidebar":"0","ocean_second_sidebar":"0","ocean_disable_margins":"enable","ocean_add_body_class":"","ocean_shortcode_before_top_bar":"","ocean_shortcode_after_top_bar":"","ocean_shortcode_before_header":"","ocean_shortcode_after_header":"","ocean_has_shortcode":"","ocean_shortcode_after_title":"","ocean_shortcode_before_footer_widgets":"","ocean_shortcode_after_footer_widgets":"","ocean_shortcode_before_footer_bottom":"","ocean_shortcode_after_footer_bottom":"","ocean_display_top_bar":"default","ocean_display_header":"default","ocean_header_style":"","ocean_center_header_left_menu":"0","ocean_custom_header_template":"0","ocean_custom_logo":0,"ocean_custom_retina_logo":0,"ocean_custom_logo_max_width":0,"ocean_custom_logo_tablet_max_width":0,"ocean_custom_logo_mobile_max_width":0,"ocean_custom_logo_max_height":0,"ocean_custom_logo_tablet_max_height":0,"ocean_custom_logo_mobile_max_height":0,"ocean_header_custom_menu":"0","ocean_menu_typo_font_family":"0","ocean_menu_typo_font_subset":"","ocean_menu_typo_font_size":0,"ocean_menu_typo_font_size_tablet":0,"ocean_menu_typo_font_size_mobile":0,"ocean_menu_typo_font_size_unit":"px","ocean_menu_typo_font_weight":"","ocean_menu_typo_font_weight_tablet":"","ocean_menu_typo_font_weight_mobile":"","ocean_menu_typo_transform":"","ocean_menu_typo_transform_tablet":"","ocean_menu_typo_transform_mobile":"","ocean_menu_typo_line_height":0,"ocean_menu_typo_line_height_tablet":0,"ocean_menu_typo_line_height_mobile":0,"ocean_menu_typo_line_height_unit":"","ocean_menu_typo_spacing":0,"ocean_menu_typo_spacing_tablet":0,"ocean_menu_typo_spacing_mobile":0,"ocean_menu_typo_spacing_unit":"","ocean_menu_link_color":"","ocean_menu_link_color_hover":"","ocean_menu_link_color_active":"","ocean_menu_link_background":"","ocean_menu_link_hover_background":"","ocean_menu_link_active_background":"","ocean_menu_social_links_bg":"","ocean_menu_social_hover_links_bg":"","ocean_menu_social_links_color":"","ocean_menu_social_hover_links_color":"","ocean_disable_title":"default","ocean_disable_heading":"default","ocean_post_title":"","ocean_post_subheading":"","ocean_post_title_style":"","ocean_post_title_background_color":"","ocean_post_title_background":0,"ocean_post_title_bg_image_position":"","ocean_post_title_bg_image_attachment":"","ocean_post_title_bg_image_repeat":"","ocean_post_title_bg_image_size":"","ocean_post_title_height":0,"ocean_post_title_bg_overlay":0.5,"ocean_post_title_bg_overlay_color":"","ocean_disable_breadcrumbs":"default","ocean_breadcrumbs_color":"","ocean_breadcrumbs_separator_color":"","ocean_breadcrumbs_links_color":"","ocean_breadcrumbs_links_hover_color":"","ocean_display_footer_widgets":"default","ocean_display_footer_bottom":"default","ocean_custom_footer_template":"0","footnotes":""},"class_list":["post-10330","page","type-page","status-publish","hentry","entry"],"yoast_head":"<!-- This site is optimized with the Yoast SEO plugin v26.5 - https:\/\/yoast.com\/wordpress\/plugins\/seo\/ -->\n<title>CFP-2025 - Salon de la DATA<\/title>\n<meta name=\"robots\" content=\"index, follow, max-snippet:-1, max-image-preview:large, max-video-preview:-1\" \/>\n<link rel=\"canonical\" href=\"https:\/\/salondata.fr\/index.php\/cpf-2025\/\" \/>\n<meta property=\"og:locale\" content=\"fr_FR\" \/>\n<meta property=\"og:type\" content=\"article\" \/>\n<meta property=\"og:title\" content=\"CFP-2025 - Salon de la DATA\" \/>\n<meta property=\"og:description\" content=\"Comment se d\u00e9roule le processus de s\u00e9lection des conf\u00e9rences au Salon de la Data et de l&rsquo;IA ? L&rsquo;organisation de la journ\u00e9e repose autour de 80 conf\u00e9rences !Les sujets des conf\u00e9rences devront \u00e9clairer les th\u00e9matiques IA et DATA si possible de fa\u00e7on g\u00e9n\u00e9rale et non pas par des solutions trop priv\u00e9es et particuli\u00e8res. En outre, [&hellip;]\" \/>\n<meta property=\"og:url\" content=\"https:\/\/salondata.fr\/index.php\/cpf-2025\/\" \/>\n<meta property=\"og:site_name\" content=\"Salon de la DATA\" \/>\n<meta property=\"article:modified_time\" content=\"2025-04-06T16:11:20+00:00\" \/>\n<meta name=\"twitter:card\" content=\"summary_large_image\" \/>\n<meta name=\"twitter:site\" content=\"@SalonData\" \/>\n<meta name=\"twitter:label1\" content=\"Dur\u00e9e de lecture estim\u00e9e\" \/>\n\t<meta name=\"twitter:data1\" content=\"3 minutes\" \/>\n<script type=\"application\/ld+json\" class=\"yoast-schema-graph\">{\"@context\":\"https:\/\/schema.org\",\"@graph\":[{\"@type\":\"WebPage\",\"@id\":\"https:\/\/salondata.fr\/index.php\/cpf-2025\/\",\"url\":\"https:\/\/salondata.fr\/index.php\/cpf-2025\/\",\"name\":\"CFP-2025 - Salon de la DATA\",\"isPartOf\":{\"@id\":\"https:\/\/salondata.fr\/#website\"},\"datePublished\":\"2025-04-06T15:45:05+00:00\",\"dateModified\":\"2025-04-06T16:11:20+00:00\",\"breadcrumb\":{\"@id\":\"https:\/\/salondata.fr\/index.php\/cpf-2025\/#breadcrumb\"},\"inLanguage\":\"fr-FR\",\"potentialAction\":[{\"@type\":\"ReadAction\",\"target\":[\"https:\/\/salondata.fr\/index.php\/cpf-2025\/\"]}]},{\"@type\":\"BreadcrumbList\",\"@id\":\"https:\/\/salondata.fr\/index.php\/cpf-2025\/#breadcrumb\",\"itemListElement\":[{\"@type\":\"ListItem\",\"position\":1,\"name\":\"Accueil\",\"item\":\"https:\/\/salondata.fr\/\"},{\"@type\":\"ListItem\",\"position\":2,\"name\":\"CFP-2025\"}]},{\"@type\":\"WebSite\",\"@id\":\"https:\/\/salondata.fr\/#website\",\"url\":\"https:\/\/salondata.fr\/\",\"name\":\"Salon de la DATA\",\"description\":\"Un salon par et pour les passionn\u00e9s de la data\",\"publisher\":{\"@id\":\"https:\/\/salondata.fr\/#organization\"},\"potentialAction\":[{\"@type\":\"SearchAction\",\"target\":{\"@type\":\"EntryPoint\",\"urlTemplate\":\"https:\/\/salondata.fr\/?s={search_term_string}\"},\"query-input\":{\"@type\":\"PropertyValueSpecification\",\"valueRequired\":true,\"valueName\":\"search_term_string\"}}],\"inLanguage\":\"fr-FR\"},{\"@type\":\"Organization\",\"@id\":\"https:\/\/salondata.fr\/#organization\",\"name\":\"Salon de la DATA\",\"url\":\"https:\/\/salondata.fr\/\",\"logo\":{\"@type\":\"ImageObject\",\"inLanguage\":\"fr-FR\",\"@id\":\"https:\/\/salondata.fr\/#\/schema\/logo\/image\/\",\"url\":\"https:\/\/salondata.fr\/wp-content\/uploads\/2019\/06\/SD_LogoMacaron_2_Positif.jpg\",\"contentUrl\":\"https:\/\/salondata.fr\/wp-content\/uploads\/2019\/06\/SD_LogoMacaron_2_Positif.jpg\",\"width\":1180,\"height\":959,\"caption\":\"Salon de la DATA\"},\"image\":{\"@id\":\"https:\/\/salondata.fr\/#\/schema\/logo\/image\/\"},\"sameAs\":[\"https:\/\/x.com\/SalonData\",\"https:\/\/www.youtube.com\/channel\/UCZdnpbTbaMrXtRcBh16UPpQ\"]}]}<\/script>\n<!-- \/ Yoast SEO plugin. -->","yoast_head_json":{"title":"CFP-2025 - Salon de la DATA","robots":{"index":"index","follow":"follow","max-snippet":"max-snippet:-1","max-image-preview":"max-image-preview:large","max-video-preview":"max-video-preview:-1"},"canonical":"https:\/\/salondata.fr\/index.php\/cpf-2025\/","og_locale":"fr_FR","og_type":"article","og_title":"CFP-2025 - Salon de la DATA","og_description":"Comment se d\u00e9roule le processus de s\u00e9lection des conf\u00e9rences au Salon de la Data et de l&rsquo;IA ? L&rsquo;organisation de la journ\u00e9e repose autour de 80 conf\u00e9rences !Les sujets des conf\u00e9rences devront \u00e9clairer les th\u00e9matiques IA et DATA si possible de fa\u00e7on g\u00e9n\u00e9rale et non pas par des solutions trop priv\u00e9es et particuli\u00e8res. En outre, [&hellip;]","og_url":"https:\/\/salondata.fr\/index.php\/cpf-2025\/","og_site_name":"Salon de la DATA","article_modified_time":"2025-04-06T16:11:20+00:00","twitter_card":"summary_large_image","twitter_site":"@SalonData","twitter_misc":{"Dur\u00e9e de lecture estim\u00e9e":"3 minutes"},"schema":{"@context":"https:\/\/schema.org","@graph":[{"@type":"WebPage","@id":"https:\/\/salondata.fr\/index.php\/cpf-2025\/","url":"https:\/\/salondata.fr\/index.php\/cpf-2025\/","name":"CFP-2025 - Salon de la DATA","isPartOf":{"@id":"https:\/\/salondata.fr\/#website"},"datePublished":"2025-04-06T15:45:05+00:00","dateModified":"2025-04-06T16:11:20+00:00","breadcrumb":{"@id":"https:\/\/salondata.fr\/index.php\/cpf-2025\/#breadcrumb"},"inLanguage":"fr-FR","potentialAction":[{"@type":"ReadAction","target":["https:\/\/salondata.fr\/index.php\/cpf-2025\/"]}]},{"@type":"BreadcrumbList","@id":"https:\/\/salondata.fr\/index.php\/cpf-2025\/#breadcrumb","itemListElement":[{"@type":"ListItem","position":1,"name":"Accueil","item":"https:\/\/salondata.fr\/"},{"@type":"ListItem","position":2,"name":"CFP-2025"}]},{"@type":"WebSite","@id":"https:\/\/salondata.fr\/#website","url":"https:\/\/salondata.fr\/","name":"Salon de la DATA","description":"Un salon par et pour les passionn\u00e9s de la data","publisher":{"@id":"https:\/\/salondata.fr\/#organization"},"potentialAction":[{"@type":"SearchAction","target":{"@type":"EntryPoint","urlTemplate":"https:\/\/salondata.fr\/?s={search_term_string}"},"query-input":{"@type":"PropertyValueSpecification","valueRequired":true,"valueName":"search_term_string"}}],"inLanguage":"fr-FR"},{"@type":"Organization","@id":"https:\/\/salondata.fr\/#organization","name":"Salon de la DATA","url":"https:\/\/salondata.fr\/","logo":{"@type":"ImageObject","inLanguage":"fr-FR","@id":"https:\/\/salondata.fr\/#\/schema\/logo\/image\/","url":"https:\/\/salondata.fr\/wp-content\/uploads\/2019\/06\/SD_LogoMacaron_2_Positif.jpg","contentUrl":"https:\/\/salondata.fr\/wp-content\/uploads\/2019\/06\/SD_LogoMacaron_2_Positif.jpg","width":1180,"height":959,"caption":"Salon de la DATA"},"image":{"@id":"https:\/\/salondata.fr\/#\/schema\/logo\/image\/"},"sameAs":["https:\/\/x.com\/SalonData","https:\/\/www.youtube.com\/channel\/UCZdnpbTbaMrXtRcBh16UPpQ"]}]}},"_links":{"self":[{"href":"https:\/\/salondata.fr\/index.php\/wp-json\/wp\/v2\/pages\/10330","targetHints":{"allow":["GET"]}}],"collection":[{"href":"https:\/\/salondata.fr\/index.php\/wp-json\/wp\/v2\/pages"}],"about":[{"href":"https:\/\/salondata.fr\/index.php\/wp-json\/wp\/v2\/types\/page"}],"author":[{"embeddable":true,"href":"https:\/\/salondata.fr\/index.php\/wp-json\/wp\/v2\/users\/12"}],"replies":[{"embeddable":true,"href":"https:\/\/salondata.fr\/index.php\/wp-json\/wp\/v2\/comments?post=10330"}],"version-history":[{"count":7,"href":"https:\/\/salondata.fr\/index.php\/wp-json\/wp\/v2\/pages\/10330\/revisions"}],"predecessor-version":[{"id":10338,"href":"https:\/\/salondata.fr\/index.php\/wp-json\/wp\/v2\/pages\/10330\/revisions\/10338"}],"wp:attachment":[{"href":"https:\/\/salondata.fr\/index.php\/wp-json\/wp\/v2\/media?parent=10330"}],"curies":[{"name":"wp","href":"https:\/\/api.w.org\/{rel}","templated":true}]}}