{"id":10537,"date":"2025-07-18T14:04:54","date_gmt":"2025-07-18T12:04:54","guid":{"rendered":"https:\/\/salondata.fr\/?page_id=10537"},"modified":"2025-12-02T22:36:58","modified_gmt":"2025-12-02T21:36:58","slug":"conferences-2025","status":"publish","type":"page","link":"https:\/\/salondata.fr\/index.php\/conferences-2025\/","title":{"rendered":"Conferences 2025"},"content":{"rendered":"\t\t<div data-elementor-type=\"wp-post\" data-elementor-id=\"10537\" class=\"elementor elementor-10537\" data-elementor-post-type=\"page\">\n\t\t\t\t\t\t<section class=\"elementor-section elementor-top-section elementor-element elementor-element-66e9a01 elementor-section-boxed elementor-section-height-default elementor-section-height-default\" data-id=\"66e9a01\" data-element_type=\"section\">\n\t\t\t\t\t\t<div class=\"elementor-container elementor-column-gap-default\">\n\t\t\t\t\t<div class=\"elementor-column elementor-col-100 elementor-top-column elementor-element elementor-element-0d45e6a\" data-id=\"0d45e6a\" data-element_type=\"column\">\n\t\t\t<div class=\"elementor-widget-wrap elementor-element-populated\">\n\t\t\t\t\t\t<div class=\"elementor-element elementor-element-f24f3fe elementor-widget elementor-widget-heading\" data-id=\"f24f3fe\" data-element_type=\"widget\" data-widget_type=\"heading.default\">\n\t\t\t\t<div class=\"elementor-widget-container\">\n\t\t\t\t\t<h3 class=\"elementor-heading-title elementor-size-default\">Le Salon en 2025<\/h3>\t\t\t\t<\/div>\n\t\t\t\t<\/div>\n\t\t\t\t<div class=\"elementor-element elementor-element-b8f9dc8 elementor-widget-divider--view-line elementor-widget elementor-widget-divider\" data-id=\"b8f9dc8\" data-element_type=\"widget\" data-widget_type=\"divider.default\">\n\t\t\t\t<div class=\"elementor-widget-container\">\n\t\t\t\t\t\t\t<div class=\"elementor-divider\">\n\t\t\t<span class=\"elementor-divider-separator\">\n\t\t\t\t\t\t<\/span>\n\t\t<\/div>\n\t\t\t\t\t\t<\/div>\n\t\t\t\t<\/div>\n\t\t\t\t\t<\/div>\n\t\t<\/div>\n\t\t\t\t\t<\/div>\n\t\t<\/section>\n\t\t<div class=\"elementor-element elementor-element-fdc3b8f e-grid e-con-boxed e-con e-parent\" data-id=\"fdc3b8f\" data-element_type=\"container\">\n\t\t\t\t\t<div class=\"e-con-inner\">\n\t\t\t\t<div class=\"elementor-element elementor-element-1f12855 elementor-widget elementor-widget-heading\" data-id=\"1f12855\" data-element_type=\"widget\" data-widget_type=\"heading.default\">\n\t\t\t\t<div class=\"elementor-widget-container\">\n\t\t\t\t\t<h3 class=\"elementor-heading-title elementor-size-default\"><a href=\"https:\/\/salon2025.salondata.fr\/programme?\">Retrouvez le programme du Salon de la Data et de l'IA 2025 !<\/a><\/h3>\t\t\t\t<\/div>\n\t\t\t\t<\/div>\n\t\t\t\t<div class=\"elementor-element elementor-element-3b25757 elementor-widget elementor-widget-heading\" data-id=\"3b25757\" data-element_type=\"widget\" data-widget_type=\"heading.default\">\n\t\t\t\t<div class=\"elementor-widget-container\">\n\t\t\t\t\t<h3 class=\"elementor-heading-title elementor-size-default\"><a href=\"https:\/\/salon2025.salondata.fr\/programme?\">D\u00e9couvrez d\u00e8s maintenant la programmation compl\u00e8te de cette 10 \u00e8me \u00e9dition. \n<\/a><\/h3>\t\t\t\t<\/div>\n\t\t\t\t<\/div>\n\t\t\t\t<div class=\"elementor-element elementor-element-8e7acc9 elementor-align-center elementor-widget elementor-widget-button\" data-id=\"8e7acc9\" data-element_type=\"widget\" data-widget_type=\"button.default\">\n\t\t\t\t<div class=\"elementor-widget-container\">\n\t\t\t\t\t\t\t\t\t<div class=\"elementor-button-wrapper\">\n\t\t\t\t\t<a class=\"elementor-button elementor-button-link elementor-size-sm\" href=\"https:\/\/salon2025.salondata.fr\/\">\n\t\t\t\t\t\t<span class=\"elementor-button-content-wrapper\">\n\t\t\t\t\t\t\t\t\t<span class=\"elementor-button-text\">Cliquez ici<\/span>\n\t\t\t\t\t<\/span>\n\t\t\t\t\t<\/a>\n\t\t\t\t<\/div>\n\t\t\t\t\t\t\t\t<\/div>\n\t\t\t\t<\/div>\n\t\t\t\t\t<\/div>\n\t\t\t\t<\/div>\n\t\t<div class=\"elementor-element elementor-element-96de827 e-flex e-con-boxed e-con e-parent\" data-id=\"96de827\" data-element_type=\"container\">\n\t\t\t\t\t<div class=\"e-con-inner\">\n\t\t\t\t<div class=\"elementor-element elementor-element-c5dbb4e elementor-widget elementor-widget-heading\" data-id=\"c5dbb4e\" data-element_type=\"widget\" data-widget_type=\"heading.default\">\n\t\t\t\t<div class=\"elementor-widget-container\">\n\t\t\t\t\t<h3 class=\"elementor-heading-title elementor-size-default\"><a href=\"https:\/\/salondata.fr\/wp-content\/uploads\/2025\/09\/2025_Planning.pdf\">Acc\u00e9dez \u00e0 la version imprimable du planning sur ce lien<\/a><\/h3>\t\t\t\t<\/div>\n\t\t\t\t<\/div>\n\t\t\t\t<div class=\"elementor-element elementor-element-f10922a elementor-widget-divider--view-line elementor-widget elementor-widget-divider\" data-id=\"f10922a\" data-element_type=\"widget\" data-widget_type=\"divider.default\">\n\t\t\t\t<div class=\"elementor-widget-container\">\n\t\t\t\t\t\t\t<div class=\"elementor-divider\">\n\t\t\t<span class=\"elementor-divider-separator\">\n\t\t\t\t\t\t<\/span>\n\t\t<\/div>\n\t\t\t\t\t\t<\/div>\n\t\t\t\t<\/div>\n\t\t\t\t<div class=\"elementor-element elementor-element-2929954 elementor-widget elementor-widget-heading\" data-id=\"2929954\" data-element_type=\"widget\" data-widget_type=\"heading.default\">\n\t\t\t\t<div class=\"elementor-widget-container\">\n\t\t\t\t\t<h3 class=\"elementor-heading-title elementor-size-default\"><a href=\"https:\/\/salon2025.salondata.fr\/programme?\">N'oubliez pas de consulter les plans du salon : <\/a><\/h3>\t\t\t\t<\/div>\n\t\t\t\t<\/div>\n\t\t\t\t<div class=\"elementor-element elementor-element-eb4290a elementor-widget elementor-widget-heading\" data-id=\"eb4290a\" data-element_type=\"widget\" data-widget_type=\"heading.default\">\n\t\t\t\t<div class=\"elementor-widget-container\">\n\t\t\t\t\t<h3 class=\"elementor-heading-title elementor-size-default\"><a href=\"https:\/\/salon2025.salondata.fr\/programme?\">Attention, cette ann\u00e9e, les salles de conf\u00e9rences seront au Rez de Chauss\u00e9e, ainsi qu'au 1er \u00e9tage.<\/a><\/h3>\t\t\t\t<\/div>\n\t\t\t\t<\/div>\n\t\t\t\t<div class=\"elementor-element elementor-element-f8e4e64 elementor-widget elementor-widget-image\" data-id=\"f8e4e64\" data-element_type=\"widget\" data-widget_type=\"image.default\">\n\t\t\t\t<div class=\"elementor-widget-container\">\n\t\t\t\t\t\t\t\t\t\t\t\t\t\t\t<img fetchpriority=\"high\" decoding=\"async\" width=\"1024\" height=\"604\" src=\"https:\/\/salondata.fr\/wp-content\/uploads\/2025\/09\/PlanSalon2025_RDC-1024x604.png\" class=\"attachment-large size-large wp-image-10712\" alt=\"\" srcset=\"https:\/\/salondata.fr\/wp-content\/uploads\/2025\/09\/PlanSalon2025_RDC-1024x604.png 1024w, https:\/\/salondata.fr\/wp-content\/uploads\/2025\/09\/PlanSalon2025_RDC-300x177.png 300w, https:\/\/salondata.fr\/wp-content\/uploads\/2025\/09\/PlanSalon2025_RDC-768x453.png 768w, https:\/\/salondata.fr\/wp-content\/uploads\/2025\/09\/PlanSalon2025_RDC-1536x906.png 1536w, https:\/\/salondata.fr\/wp-content\/uploads\/2025\/09\/PlanSalon2025_RDC-2048x1208.png 2048w\" sizes=\"(max-width: 1024px) 100vw, 1024px\" \/>\t\t\t\t\t\t\t\t\t\t\t\t\t\t\t<\/div>\n\t\t\t\t<\/div>\n\t\t\t\t\t<\/div>\n\t\t\t\t<\/div>\n\t\t<div class=\"elementor-element elementor-element-3f8abbe e-flex e-con-boxed e-con e-parent\" data-id=\"3f8abbe\" data-element_type=\"container\">\n\t\t\t\t\t<div class=\"e-con-inner\">\n\t\t\t\t<div class=\"elementor-element elementor-element-2f7e510 elementor-widget elementor-widget-image\" data-id=\"2f7e510\" data-element_type=\"widget\" data-widget_type=\"image.default\">\n\t\t\t\t<div class=\"elementor-widget-container\">\n\t\t\t\t\t\t\t\t\t\t\t\t\t\t\t<img decoding=\"async\" width=\"1024\" height=\"604\" src=\"https:\/\/salondata.fr\/wp-content\/uploads\/2025\/09\/PlanSalon2025_1etage-1024x604.png\" class=\"attachment-large size-large wp-image-10711\" alt=\"\" srcset=\"https:\/\/salondata.fr\/wp-content\/uploads\/2025\/09\/PlanSalon2025_1etage-1024x604.png 1024w, https:\/\/salondata.fr\/wp-content\/uploads\/2025\/09\/PlanSalon2025_1etage-300x177.png 300w, https:\/\/salondata.fr\/wp-content\/uploads\/2025\/09\/PlanSalon2025_1etage-768x453.png 768w, https:\/\/salondata.fr\/wp-content\/uploads\/2025\/09\/PlanSalon2025_1etage-1536x906.png 1536w, https:\/\/salondata.fr\/wp-content\/uploads\/2025\/09\/PlanSalon2025_1etage-2048x1208.png 2048w\" sizes=\"(max-width: 1024px) 100vw, 1024px\" \/>\t\t\t\t\t\t\t\t\t\t\t\t\t\t\t<\/div>\n\t\t\t\t<\/div>\n\t\t\t\t\t<\/div>\n\t\t\t\t<\/div>\n\t\t\t\t<\/div>\n\t\t","protected":false},"excerpt":{"rendered":"<p>Le Salon en 2025 Retrouvez le programme du Salon de la Data et de l&rsquo;IA 2025 ! D\u00e9couvrez d\u00e8s maintenant la programmation compl\u00e8te de cette 10 \u00e8me \u00e9dition. Cliquez ici Acc\u00e9dez \u00e0 la version imprimable du planning sur ce lien N&rsquo;oubliez pas de consulter les plans du salon : Attention, cette ann\u00e9e, les salles de [&hellip;]<\/p>\n","protected":false},"author":12,"featured_media":0,"parent":0,"menu_order":0,"comment_status":"closed","ping_status":"closed","template":"","meta":{"ocean_post_layout":"","ocean_both_sidebars_style":"","ocean_both_sidebars_content_width":0,"ocean_both_sidebars_sidebars_width":0,"ocean_sidebar":"0","ocean_second_sidebar":"0","ocean_disable_margins":"enable","ocean_add_body_class":"","ocean_shortcode_before_top_bar":"","ocean_shortcode_after_top_bar":"","ocean_shortcode_before_header":"","ocean_shortcode_after_header":"","ocean_has_shortcode":"","ocean_shortcode_after_title":"","ocean_shortcode_before_footer_widgets":"","ocean_shortcode_after_footer_widgets":"","ocean_shortcode_before_footer_bottom":"","ocean_shortcode_after_footer_bottom":"","ocean_display_top_bar":"default","ocean_display_header":"default","ocean_header_style":"","ocean_center_header_left_menu":"0","ocean_custom_header_template":"0","ocean_custom_logo":0,"ocean_custom_retina_logo":0,"ocean_custom_logo_max_width":0,"ocean_custom_logo_tablet_max_width":0,"ocean_custom_logo_mobile_max_width":0,"ocean_custom_logo_max_height":0,"ocean_custom_logo_tablet_max_height":0,"ocean_custom_logo_mobile_max_height":0,"ocean_header_custom_menu":"0","ocean_menu_typo_font_family":"0","ocean_menu_typo_font_subset":"","ocean_menu_typo_font_size":0,"ocean_menu_typo_font_size_tablet":0,"ocean_menu_typo_font_size_mobile":0,"ocean_menu_typo_font_size_unit":"px","ocean_menu_typo_font_weight":"","ocean_menu_typo_font_weight_tablet":"","ocean_menu_typo_font_weight_mobile":"","ocean_menu_typo_transform":"","ocean_menu_typo_transform_tablet":"","ocean_menu_typo_transform_mobile":"","ocean_menu_typo_line_height":0,"ocean_menu_typo_line_height_tablet":0,"ocean_menu_typo_line_height_mobile":0,"ocean_menu_typo_line_height_unit":"","ocean_menu_typo_spacing":0,"ocean_menu_typo_spacing_tablet":0,"ocean_menu_typo_spacing_mobile":0,"ocean_menu_typo_spacing_unit":"","ocean_menu_link_color":"","ocean_menu_link_color_hover":"","ocean_menu_link_color_active":"","ocean_menu_link_background":"","ocean_menu_link_hover_background":"","ocean_menu_link_active_background":"","ocean_menu_social_links_bg":"","ocean_menu_social_hover_links_bg":"","ocean_menu_social_links_color":"","ocean_menu_social_hover_links_color":"","ocean_disable_title":"default","ocean_disable_heading":"default","ocean_post_title":"","ocean_post_subheading":"","ocean_post_title_style":"","ocean_post_title_background_color":"","ocean_post_title_background":0,"ocean_post_title_bg_image_position":"","ocean_post_title_bg_image_attachment":"","ocean_post_title_bg_image_repeat":"","ocean_post_title_bg_image_size":"","ocean_post_title_height":0,"ocean_post_title_bg_overlay":0.5,"ocean_post_title_bg_overlay_color":"","ocean_disable_breadcrumbs":"default","ocean_breadcrumbs_color":"","ocean_breadcrumbs_separator_color":"","ocean_breadcrumbs_links_color":"","ocean_breadcrumbs_links_hover_color":"","ocean_display_footer_widgets":"default","ocean_display_footer_bottom":"default","ocean_custom_footer_template":"0","footnotes":""},"class_list":["post-10537","page","type-page","status-publish","hentry","entry"],"yoast_head":"<!-- This site is optimized with the Yoast SEO plugin v26.5 - https:\/\/yoast.com\/wordpress\/plugins\/seo\/ -->\n<title>Conferences 2025 - Salon de la DATA<\/title>\n<meta name=\"robots\" content=\"index, follow, max-snippet:-1, max-image-preview:large, max-video-preview:-1\" \/>\n<link rel=\"canonical\" href=\"https:\/\/salondata.fr\/index.php\/conferences-2025\/\" \/>\n<meta property=\"og:locale\" content=\"fr_FR\" \/>\n<meta property=\"og:type\" content=\"article\" \/>\n<meta property=\"og:title\" content=\"Conferences 2025 - Salon de la DATA\" \/>\n<meta property=\"og:description\" content=\"Le Salon en 2025 Retrouvez le programme du Salon de la Data et de l&rsquo;IA 2025 ! D\u00e9couvrez d\u00e8s maintenant la programmation compl\u00e8te de cette 10 \u00e8me \u00e9dition. Cliquez ici Acc\u00e9dez \u00e0 la version imprimable du planning sur ce lien N&rsquo;oubliez pas de consulter les plans du salon : Attention, cette ann\u00e9e, les salles de [&hellip;]\" \/>\n<meta property=\"og:url\" content=\"https:\/\/salondata.fr\/index.php\/conferences-2025\/\" \/>\n<meta property=\"og:site_name\" content=\"Salon de la DATA\" \/>\n<meta property=\"article:modified_time\" content=\"2025-12-02T21:36:58+00:00\" \/>\n<meta property=\"og:image\" content=\"https:\/\/salondata.fr\/wp-content\/uploads\/2025\/09\/PlanSalon2025_RDC-scaled.png\" \/>\n\t<meta property=\"og:image:width\" content=\"2560\" \/>\n\t<meta property=\"og:image:height\" content=\"1510\" \/>\n\t<meta property=\"og:image:type\" content=\"image\/png\" \/>\n<meta name=\"twitter:card\" content=\"summary_large_image\" \/>\n<meta name=\"twitter:site\" content=\"@SalonData\" \/>\n<meta name=\"twitter:label1\" content=\"Dur\u00e9e de lecture estim\u00e9e\" \/>\n\t<meta name=\"twitter:data1\" content=\"1 minute\" \/>\n<script type=\"application\/ld+json\" class=\"yoast-schema-graph\">{\"@context\":\"https:\/\/schema.org\",\"@graph\":[{\"@type\":\"WebPage\",\"@id\":\"https:\/\/salondata.fr\/index.php\/conferences-2025\/\",\"url\":\"https:\/\/salondata.fr\/index.php\/conferences-2025\/\",\"name\":\"Conferences 2025 - Salon de la DATA\",\"isPartOf\":{\"@id\":\"https:\/\/salondata.fr\/#website\"},\"primaryImageOfPage\":{\"@id\":\"https:\/\/salondata.fr\/index.php\/conferences-2025\/#primaryimage\"},\"image\":{\"@id\":\"https:\/\/salondata.fr\/index.php\/conferences-2025\/#primaryimage\"},\"thumbnailUrl\":\"https:\/\/salondata.fr\/wp-content\/uploads\/2025\/09\/PlanSalon2025_RDC-1024x604.png\",\"datePublished\":\"2025-07-18T12:04:54+00:00\",\"dateModified\":\"2025-12-02T21:36:58+00:00\",\"breadcrumb\":{\"@id\":\"https:\/\/salondata.fr\/index.php\/conferences-2025\/#breadcrumb\"},\"inLanguage\":\"fr-FR\",\"potentialAction\":[{\"@type\":\"ReadAction\",\"target\":[\"https:\/\/salondata.fr\/index.php\/conferences-2025\/\"]}]},{\"@type\":\"ImageObject\",\"inLanguage\":\"fr-FR\",\"@id\":\"https:\/\/salondata.fr\/index.php\/conferences-2025\/#primaryimage\",\"url\":\"https:\/\/salondata.fr\/wp-content\/uploads\/2025\/09\/PlanSalon2025_RDC-scaled.png\",\"contentUrl\":\"https:\/\/salondata.fr\/wp-content\/uploads\/2025\/09\/PlanSalon2025_RDC-scaled.png\",\"width\":2560,\"height\":1510},{\"@type\":\"BreadcrumbList\",\"@id\":\"https:\/\/salondata.fr\/index.php\/conferences-2025\/#breadcrumb\",\"itemListElement\":[{\"@type\":\"ListItem\",\"position\":1,\"name\":\"Accueil\",\"item\":\"https:\/\/salondata.fr\/\"},{\"@type\":\"ListItem\",\"position\":2,\"name\":\"Conferences 2025\"}]},{\"@type\":\"WebSite\",\"@id\":\"https:\/\/salondata.fr\/#website\",\"url\":\"https:\/\/salondata.fr\/\",\"name\":\"Salon de la DATA\",\"description\":\"Un salon par et pour les passionn\u00e9s de la data\",\"publisher\":{\"@id\":\"https:\/\/salondata.fr\/#organization\"},\"potentialAction\":[{\"@type\":\"SearchAction\",\"target\":{\"@type\":\"EntryPoint\",\"urlTemplate\":\"https:\/\/salondata.fr\/?s={search_term_string}\"},\"query-input\":{\"@type\":\"PropertyValueSpecification\",\"valueRequired\":true,\"valueName\":\"search_term_string\"}}],\"inLanguage\":\"fr-FR\"},{\"@type\":\"Organization\",\"@id\":\"https:\/\/salondata.fr\/#organization\",\"name\":\"Salon de la DATA\",\"url\":\"https:\/\/salondata.fr\/\",\"logo\":{\"@type\":\"ImageObject\",\"inLanguage\":\"fr-FR\",\"@id\":\"https:\/\/salondata.fr\/#\/schema\/logo\/image\/\",\"url\":\"https:\/\/salondata.fr\/wp-content\/uploads\/2019\/06\/SD_LogoMacaron_2_Positif.jpg\",\"contentUrl\":\"https:\/\/salondata.fr\/wp-content\/uploads\/2019\/06\/SD_LogoMacaron_2_Positif.jpg\",\"width\":1180,\"height\":959,\"caption\":\"Salon de la DATA\"},\"image\":{\"@id\":\"https:\/\/salondata.fr\/#\/schema\/logo\/image\/\"},\"sameAs\":[\"https:\/\/x.com\/SalonData\",\"https:\/\/www.youtube.com\/channel\/UCZdnpbTbaMrXtRcBh16UPpQ\"]}]}<\/script>\n<!-- \/ Yoast SEO plugin. -->","yoast_head_json":{"title":"Conferences 2025 - Salon de la DATA","robots":{"index":"index","follow":"follow","max-snippet":"max-snippet:-1","max-image-preview":"max-image-preview:large","max-video-preview":"max-video-preview:-1"},"canonical":"https:\/\/salondata.fr\/index.php\/conferences-2025\/","og_locale":"fr_FR","og_type":"article","og_title":"Conferences 2025 - Salon de la DATA","og_description":"Le Salon en 2025 Retrouvez le programme du Salon de la Data et de l&rsquo;IA 2025 ! D\u00e9couvrez d\u00e8s maintenant la programmation compl\u00e8te de cette 10 \u00e8me \u00e9dition. Cliquez ici Acc\u00e9dez \u00e0 la version imprimable du planning sur ce lien N&rsquo;oubliez pas de consulter les plans du salon : Attention, cette ann\u00e9e, les salles de [&hellip;]","og_url":"https:\/\/salondata.fr\/index.php\/conferences-2025\/","og_site_name":"Salon de la DATA","article_modified_time":"2025-12-02T21:36:58+00:00","og_image":[{"width":2560,"height":1510,"url":"https:\/\/salondata.fr\/wp-content\/uploads\/2025\/09\/PlanSalon2025_RDC-scaled.png","type":"image\/png"}],"twitter_card":"summary_large_image","twitter_site":"@SalonData","twitter_misc":{"Dur\u00e9e de lecture estim\u00e9e":"1 minute"},"schema":{"@context":"https:\/\/schema.org","@graph":[{"@type":"WebPage","@id":"https:\/\/salondata.fr\/index.php\/conferences-2025\/","url":"https:\/\/salondata.fr\/index.php\/conferences-2025\/","name":"Conferences 2025 - Salon de la DATA","isPartOf":{"@id":"https:\/\/salondata.fr\/#website"},"primaryImageOfPage":{"@id":"https:\/\/salondata.fr\/index.php\/conferences-2025\/#primaryimage"},"image":{"@id":"https:\/\/salondata.fr\/index.php\/conferences-2025\/#primaryimage"},"thumbnailUrl":"https:\/\/salondata.fr\/wp-content\/uploads\/2025\/09\/PlanSalon2025_RDC-1024x604.png","datePublished":"2025-07-18T12:04:54+00:00","dateModified":"2025-12-02T21:36:58+00:00","breadcrumb":{"@id":"https:\/\/salondata.fr\/index.php\/conferences-2025\/#breadcrumb"},"inLanguage":"fr-FR","potentialAction":[{"@type":"ReadAction","target":["https:\/\/salondata.fr\/index.php\/conferences-2025\/"]}]},{"@type":"ImageObject","inLanguage":"fr-FR","@id":"https:\/\/salondata.fr\/index.php\/conferences-2025\/#primaryimage","url":"https:\/\/salondata.fr\/wp-content\/uploads\/2025\/09\/PlanSalon2025_RDC-scaled.png","contentUrl":"https:\/\/salondata.fr\/wp-content\/uploads\/2025\/09\/PlanSalon2025_RDC-scaled.png","width":2560,"height":1510},{"@type":"BreadcrumbList","@id":"https:\/\/salondata.fr\/index.php\/conferences-2025\/#breadcrumb","itemListElement":[{"@type":"ListItem","position":1,"name":"Accueil","item":"https:\/\/salondata.fr\/"},{"@type":"ListItem","position":2,"name":"Conferences 2025"}]},{"@type":"WebSite","@id":"https:\/\/salondata.fr\/#website","url":"https:\/\/salondata.fr\/","name":"Salon de la DATA","description":"Un salon par et pour les passionn\u00e9s de la data","publisher":{"@id":"https:\/\/salondata.fr\/#organization"},"potentialAction":[{"@type":"SearchAction","target":{"@type":"EntryPoint","urlTemplate":"https:\/\/salondata.fr\/?s={search_term_string}"},"query-input":{"@type":"PropertyValueSpecification","valueRequired":true,"valueName":"search_term_string"}}],"inLanguage":"fr-FR"},{"@type":"Organization","@id":"https:\/\/salondata.fr\/#organization","name":"Salon de la DATA","url":"https:\/\/salondata.fr\/","logo":{"@type":"ImageObject","inLanguage":"fr-FR","@id":"https:\/\/salondata.fr\/#\/schema\/logo\/image\/","url":"https:\/\/salondata.fr\/wp-content\/uploads\/2019\/06\/SD_LogoMacaron_2_Positif.jpg","contentUrl":"https:\/\/salondata.fr\/wp-content\/uploads\/2019\/06\/SD_LogoMacaron_2_Positif.jpg","width":1180,"height":959,"caption":"Salon de la DATA"},"image":{"@id":"https:\/\/salondata.fr\/#\/schema\/logo\/image\/"},"sameAs":["https:\/\/x.com\/SalonData","https:\/\/www.youtube.com\/channel\/UCZdnpbTbaMrXtRcBh16UPpQ"]}]}},"_links":{"self":[{"href":"https:\/\/salondata.fr\/index.php\/wp-json\/wp\/v2\/pages\/10537","targetHints":{"allow":["GET"]}}],"collection":[{"href":"https:\/\/salondata.fr\/index.php\/wp-json\/wp\/v2\/pages"}],"about":[{"href":"https:\/\/salondata.fr\/index.php\/wp-json\/wp\/v2\/types\/page"}],"author":[{"embeddable":true,"href":"https:\/\/salondata.fr\/index.php\/wp-json\/wp\/v2\/users\/12"}],"replies":[{"embeddable":true,"href":"https:\/\/salondata.fr\/index.php\/wp-json\/wp\/v2\/comments?post=10537"}],"version-history":[{"count":25,"href":"https:\/\/salondata.fr\/index.php\/wp-json\/wp\/v2\/pages\/10537\/revisions"}],"predecessor-version":[{"id":10779,"href":"https:\/\/salondata.fr\/index.php\/wp-json\/wp\/v2\/pages\/10537\/revisions\/10779"}],"wp:attachment":[{"href":"https:\/\/salondata.fr\/index.php\/wp-json\/wp\/v2\/media?parent=10537"}],"curies":[{"name":"wp","href":"https:\/\/api.w.org\/{rel}","templated":true}]}}