{"id":7178,"date":"2023-06-09T10:29:25","date_gmt":"2023-06-09T08:29:25","guid":{"rendered":"https:\/\/salondata.fr\/?page_id=7178"},"modified":"2024-06-18T15:45:28","modified_gmt":"2024-06-18T13:45:28","slug":"charte-bonne-conduite","status":"publish","type":"page","link":"https:\/\/salondata.fr\/index.php\/charte-bonne-conduite\/","title":{"rendered":"La Charte de bonne conduite"},"content":{"rendered":"\t\t<div data-elementor-type=\"wp-post\" data-elementor-id=\"7178\" class=\"elementor elementor-7178\" data-elementor-post-type=\"page\">\n\t\t\t\t\t\t<section class=\"elementor-section elementor-top-section elementor-element elementor-element-99ecbe5 elementor-section-boxed elementor-section-height-default elementor-section-height-default\" data-id=\"99ecbe5\" data-element_type=\"section\">\n\t\t\t\t\t\t<div class=\"elementor-container elementor-column-gap-default\">\n\t\t\t\t\t<div class=\"elementor-column elementor-col-50 elementor-top-column elementor-element elementor-element-f63a8cc\" data-id=\"f63a8cc\" data-element_type=\"column\">\n\t\t\t<div class=\"elementor-widget-wrap elementor-element-populated\">\n\t\t\t\t\t\t<div class=\"elementor-element elementor-element-e2e3c44 elementor-widget elementor-widget-text-editor\" data-id=\"e2e3c44\" data-element_type=\"widget\" data-widget_type=\"text-editor.default\">\n\t\t\t\t<div class=\"elementor-widget-container\">\n\t\t\t\t\t\t\t\t\t<p><span style=\"color: #a52c41;\"><strong>&gt; <a href=\"https:\/\/salondata.fr\/index.php\/acces-cite\/\">Un salon hybride<\/a><\/strong><\/span><\/p>\t\t\t\t\t\t\t\t<\/div>\n\t\t\t\t<\/div>\n\t\t\t\t\t<\/div>\n\t\t<\/div>\n\t\t\t\t<div class=\"elementor-column elementor-col-50 elementor-top-column elementor-element elementor-element-436215b\" data-id=\"436215b\" data-element_type=\"column\">\n\t\t\t<div class=\"elementor-widget-wrap elementor-element-populated\">\n\t\t\t\t\t\t<div class=\"elementor-element elementor-element-4486df1 elementor-widget elementor-widget-text-editor\" data-id=\"4486df1\" data-element_type=\"widget\" data-widget_type=\"text-editor.default\">\n\t\t\t\t<div class=\"elementor-widget-container\">\n\t\t\t\t\t\t\t\t\t<p style=\"text-align: left;\"><span style=\"color: #a52c41;\"><strong>&gt; <a href=\"https:\/\/salondata.fr\/index.php\/acces-cite\/\">Acc\u00e8s \u00e0 la Cit\u00e9 des Congr\u00e8s de Nantes<\/a><\/strong><\/span><\/p>\t\t\t\t\t\t\t\t<\/div>\n\t\t\t\t<\/div>\n\t\t\t\t<div class=\"elementor-element elementor-element-f84516f elementor-widget elementor-widget-text-editor\" data-id=\"f84516f\" data-element_type=\"widget\" data-widget_type=\"text-editor.default\">\n\t\t\t\t<div class=\"elementor-widget-container\">\n\t\t\t\t\t\t\t\t\t<p style=\"text-align: left;\"><span style=\"color: #a52c41;\"><strong>&gt; <a href=\"#FAQ_ECO-RESPONSABLE\">Une d\u00e9marche \u00e9co responsable<\/a><\/strong><\/span><\/p>\t\t\t\t\t\t\t\t<\/div>\n\t\t\t\t<\/div>\n\t\t\t\t\t<\/div>\n\t\t<\/div>\n\t\t\t\t\t<\/div>\n\t\t<\/section>\n\t\t\t\t<section class=\"elementor-section elementor-top-section elementor-element elementor-element-001a304 elementor-section-boxed elementor-section-height-default elementor-section-height-default\" data-id=\"001a304\" data-element_type=\"section\">\n\t\t\t\t\t\t<div class=\"elementor-container elementor-column-gap-default\">\n\t\t\t\t\t<div class=\"elementor-column elementor-col-100 elementor-top-column elementor-element elementor-element-273ff02\" data-id=\"273ff02\" data-element_type=\"column\">\n\t\t\t<div class=\"elementor-widget-wrap elementor-element-populated\">\n\t\t\t\t\t\t<div class=\"elementor-element elementor-element-a78800d elementor-widget elementor-widget-heading\" data-id=\"a78800d\" data-element_type=\"widget\" data-widget_type=\"heading.default\">\n\t\t\t\t<div class=\"elementor-widget-container\">\n\t\t\t\t\t<h3 class=\"elementor-heading-title elementor-size-large\">LA CHARTE DE BONNE CONDUITE DU SALON DE LA DATA ET DE L'IA<\/h3>\t\t\t\t<\/div>\n\t\t\t\t<\/div>\n\t\t\t\t\t<\/div>\n\t\t<\/div>\n\t\t\t\t\t<\/div>\n\t\t<\/section>\n\t\t\t\t<section class=\"elementor-section elementor-top-section elementor-element elementor-element-0df3b4c elementor-section-boxed elementor-section-height-default elementor-section-height-default\" data-id=\"0df3b4c\" data-element_type=\"section\">\n\t\t\t\t\t\t<div class=\"elementor-container elementor-column-gap-default\">\n\t\t\t\t\t<div class=\"elementor-column elementor-col-100 elementor-top-column elementor-element elementor-element-b5f9ddf\" data-id=\"b5f9ddf\" data-element_type=\"column\">\n\t\t\t<div class=\"elementor-widget-wrap elementor-element-populated\">\n\t\t\t\t\t\t<div class=\"elementor-element elementor-element-fe63336 elementor-widget elementor-widget-text-editor\" data-id=\"fe63336\" data-element_type=\"widget\" data-widget_type=\"text-editor.default\">\n\t\t\t\t<div class=\"elementor-widget-container\">\n\t\t\t\t\t\t\t\t\t<p>Le pr\u00e9sent r\u00e8glement concerne toutes les parties prenantes du Salon de la DATA et de l\u2019IA, ci-apr\u00e8s d\u00e9nomm\u00e9 \u00ab\u00a0le salon\u00a0\u00bb, quelle que soit leur fonction (visiteurs, exposants, organisateurs,\u2026). Le salon s\u2019engage \u00e0 fournir une exp\u00e9rience sans harc\u00e8lement \u00e0 tous, et qu\u2019elle ne soit notamment pas li\u00e9e \u00e0 un des crit\u00e8res ci-dessous, dont la liste n\u2019est pas exhaustive :<\/p><ul><li>sexe<\/li><li>identit\u00e9 et expression de genre<\/li><li>orientation sexuelle<\/li><li>invalidit\u00e9<\/li><li>handicap<\/li><li>apparence physique<\/li><li>taille<\/li><li>origine<\/li><li>\u00e2ge<\/li><li>religion<\/li><li>convictions quelles qu\u2019elles soient<\/li><\/ul><p>Nous ne tol\u00e9rons aucune forme de harc\u00e8lement des participants au salon. Le langage et les images sexuels ne sont en aucune fa\u00e7on appropri\u00e9s dans le cadre des informations transmises lors du salon. Dans le cadre d\u2019une conf\u00e9rence ou de toute forme d\u2019expression d\u2019une personne aux participants au salon, l\u2019infraction \u00e0 cette r\u00e8gle pourra amener \u00e0 une expulsion du salon, et le cas \u00e9ch\u00e9ant, sans remboursement, \u00e0 la discr\u00e9tion des organisateurs du salon.<\/p><p>Le harc\u00e8lement comprend, sans toutefois s\u2019y limiter :<\/p><ul><li>Commentaires verbaux qui renforcent les structures sociales de domination, li\u00e9s notamment \u00e0 l\u2019un des crit\u00e8res list\u00e9s ci-dessus.<\/li><li>Images sexuelles dans l\u2019enceinte du salon<\/li><li>Intimidation d\u00e9lib\u00e9r\u00e9e, harc\u00e8lement criminel ou suivi<\/li><li>Photographie ou enregistrement forc\u00e9<\/li><li>Perturbation prolong\u00e9e des discussions ou d\u2019autres \u00e9v\u00e9nements<\/li><li>Contact physique inappropri\u00e9<\/li><li>Attention sexuelle inopportune<\/li><li>Nudit\u00e9 dans les espaces publics<\/li><li>D\u00e9fense ou encouragement de l\u2019un des comportements ci-dessus<\/li><\/ul><p>Toute demande \u00e0 un participant de mettre fin \u00e0 tout comportement de harc\u00e8lement est applicable imm\u00e9diatement.<\/p><p>Comme indiqu\u00e9 ci-dessus, les sponsors pr\u00e9sents dans le hall d\u2019exposition ou lors des activit\u00e9s du salon sont \u00e9galement soumis \u00e0 la politique anti-harc\u00e8lement. Les sponsors ne doivent pas utiliser d\u2019images, d\u2019activit\u00e9s ou autre mat\u00e9riel sexualis\u00e9s. Le personnel du stand (y compris les b\u00e9n\u00e9voles) ne doit pas utiliser de v\u00eatements \/ uniformes \/ costumes sexualis\u00e9s, ni cr\u00e9er un environnement sexualis\u00e9.<\/p><p>Si un participant adopte un comportement harcelant, les organisateurs de l&rsquo;\u00e9v\u00e9nement se r\u00e9servent le droit de prendre toutes les mesures n\u00e9cessaires pour que l&rsquo;\u00e9v\u00e9nement reste un environnement accueillant pour tous les participants. Cela inclut l\u2019avertissement du d\u00e9linquant ou l\u2019expulsion du salon sans d\u00e9dommagement.<\/p><p>Les organisateurs d\u2019\u00e9v\u00e9nements peuvent prendre des mesures pour rem\u00e9dier \u00e0 tout ce qui est con\u00e7u pour perturber l\u2019\u00e9v\u00e9nement ou avoir pour impact manifeste de rendre l\u2019environnement hostile pour les participants.<\/p><p>Nous nous attendons \u00e0 ce que les participants suivent ces r\u00e8gles sur tous les lieux de l\u2019\u00e9v\u00e9nement et \u00e0 toutes les activit\u00e9s sociales li\u00e9es \u00e0 l\u2019\u00e9v\u00e9nement (sur place le jour du salon, plateforme de conf\u00e9rence en ligne, webinars, \u2026). Nous pensons aussi que tout le monde devrait \u00e9galement suivre ces r\u00e8gles en dehors des activit\u00e9s de l&rsquo;\u00e9v\u00e9nement !<\/p><p><span style=\"text-decoration: underline;\"><strong>Besoin de signaler<\/strong><\/span><\/p><p>Si quelqu\u2019un s\u2019estime victime de conduite inappropri\u00e9e, discriminatoire et\/ou d\u00e9gradante, nous vous demandons de contacter imm\u00e9diatement les organisateurs qui mettront en place les mesures n\u00e9cessaires. Nous voulons que le Salon de la DATA et de l\u2019IA soit respectueux des autres et en fasse un \u00e9v\u00e9nement socialement agr\u00e9able.<\/p><p>L\u2019\u00e9quipe organisatrice du salon peut \u00eatre contact\u00e9 \u00e0 l\u2019accueil du salon ou par e-mail \u00e0 l\u2019adresse <a href=\"mailto:contact@salondata.fr\">contact@salondata.fr<\/a><\/p><p>Le harc\u00e8lement et les autres infractions au code de conduite r\u00e9duisent la valeur de notre \u00e9v\u00e9nement pour tous. Nous voulons que vous soyez heureux lors de notre \u00e9v\u00e9nement. Des gens comme vous font de notre \u00e9v\u00e9nement un meilleur endroit.<\/p><p>Vous pouvez faire un rapport personnellement.<\/p><p><span style=\"text-decoration: underline;\"><strong>Rapport personnel<\/strong><\/span><\/p><p>Pour r\u00e9aliser un rapport personnel veuillez :<\/p><p>Contacter un membre de l\u2019\u00e9quipe organisatrice du salon \u00e0 l\u2019accueil le jour J ou par e-mail \u00e0 <a href=\"mailto:contact@salondata.fr\">contact@salondata.fr<\/a><\/p><p>Lorsque vous r\u00e9alisez un rapport personnel, les organisateurs s\u2019assureront que vous \u00eates en s\u00e9curit\u00e9 et que vous ne pouvez pas \u00eatre entendu. Ils peuvent impliquer d\u2019autres membres du personnel de l\u2019\u00e9v\u00e9nement pour s\u2019assurer que votre rapport est g\u00e9r\u00e9 correctement. Une fois en s\u00e9curit\u00e9, nous vous demanderons de nous raconter ce qui s\u2019est pass\u00e9. Cela peut \u00eatre bouleversant, mais nous le ferons le plus respectueusement possible et vous pourrez faire appel \u00e0 quelqu\u2019un pour vous soutenir. On ne vous demandera pas d\u2019affronter qui que ce soit et nous ne dirons \u00e0 personne qui vous \u00eates.<\/p><p>Notre \u00e9quipe se fera un plaisir de vous aider \u00e0 contacter la s\u00e9curit\u00e9 des h\u00f4tels \/ sites, les forces de l\u2019ordre locales, les services d\u2019assistance locaux, \u00e0 vous escorter ou de vous aider \u00e0 vous sentir en s\u00e9curit\u00e9 pendant toute la dur\u00e9e de l&rsquo;\u00e9v\u00e9nement. Nous appr\u00e9cions votre pr\u00e9sence.<\/p><p><span style=\"text-decoration: underline;\"><strong>Donn\u00e9es du rapport<\/strong><\/span><\/p><p>Si vous faites un rapport par courrier \u00e9lectronique, veuillez inclure :<\/p><ul><li>Le titre avec le format suivant : Violation du code de conduite<\/li><li>Vos coordonn\u00e9es (afin que nous puissions vous contacter si nous devons faire un suivi)<\/li><li>Date et heure de l\u2019incident<\/li><li>Lieu de l\u2019incident<\/li><li>Si l\u2019incident est en cours<\/li><li>Description de l\u2019incident<\/li><li>Informations d\u2019identification de la personne d\u00e9clar\u00e9e : nom, apparence physique, taille, v\u00eatements, accent vocal, informations d\u2019identification du badge telles que nom de l\u2019entreprise ou num\u00e9ro de badge<\/li><li>Autres circonstances entourant l\u2019incident<\/li><li>Autres personnes impliqu\u00e9es ou t\u00e9moins de l\u2019incident et leurs coordonn\u00e9es ou description<\/li><\/ul><p><span style=\"text-decoration: underline;\"><strong>Confidentialit\u00e9<\/strong><\/span><\/p><p>Tous les rapports resteront confidentiels. Lorsque nous discutons des incidents avec des personnes signal\u00e9es, nous anonymisons autant que possible les d\u00e9tails afin de prot\u00e9ger la vie priv\u00e9e des rapporteurs.<\/p><p>Cependant, certains incidents se produisent lors d\u2019interactions individuelles et, m\u00eame si les d\u00e9tails sont anonymis\u00e9s, la personne rapport\u00e9e peut \u00eatre en mesure de deviner qui a fait le rapport. Si vous avez des pr\u00e9occupations concernant les repr\u00e9sailles ou votre s\u00e9curit\u00e9 personnelle, veuillez les noter dans votre rapport. Nous vous encourageons toujours \u00e0 faire votre rapport afin de pouvoir vous aider tout en prot\u00e9geant la s\u00e9curit\u00e9 des participants. Dans certains cas, nous pouvons compiler plusieurs rapports anonymis\u00e9s en un mod\u00e8le de comportement et agir en cons\u00e9quence.<\/p><p>Dans certains cas, nous pouvons d\u00e9terminer qu\u2019une d\u00e9claration publique devra \u00eatre faite. Si tel est le cas, les identit\u00e9s de toutes les victimes et de tous les rapporteurs resteront confidentielles, \u00e0 moins que ces personnes ne nous informent du contraire.<\/p><p><span style=\"text-decoration: underline;\"><strong>Contacts<\/strong><\/span><\/p><p>En cas de conflit d\u2019int\u00e9r\u00eats, vous pouvez contacter individuellement :<\/p><ul><li>Thomas FOURNAISE, Fondateur du Salon de la DATA et de\u00a0 l\u2019IA : <a href=\"mailto:contact@salondata.fr\">contact@salondata.fr<\/a><\/li><\/ul><p><strong><span style=\"text-decoration: underline;\">Licence<\/span><\/strong><\/p><p>Ce code de conduite s\u2019appuie sur l\u2019exemple de politique du\u00a0<a href=\"http:\/\/geekfeminism.wikia.com\/wiki\/Conference_anti-harassment\/Policy\">wiki Geek Feminism<\/a>\u00a0,\u00a0<a href=\"http:\/\/geekfeminism.wikia.com\/wiki\/Conference_anti-harassment\/Policy\">cr\u00e9\u00e9 par l\u2019Initiative Ada et d\u2019autres volontaires<\/a>\u00a0, sous licence Creative Commons Zero.<\/p><p>\u00a0<\/p>\t\t\t\t\t\t\t\t<\/div>\n\t\t\t\t<\/div>\n\t\t\t\t\t<\/div>\n\t\t<\/div>\n\t\t\t\t\t<\/div>\n\t\t<\/section>\n\t\t\t\t<\/div>\n\t\t","protected":false},"excerpt":{"rendered":"<p>&gt; Un salon hybride &gt; Acc\u00e8s \u00e0 la Cit\u00e9 des Congr\u00e8s de Nantes &gt; Une d\u00e9marche \u00e9co responsable LA CHARTE DE BONNE CONDUITE DU SALON DE LA DATA ET DE L&rsquo;IA Le pr\u00e9sent r\u00e8glement concerne toutes les parties prenantes du Salon de la DATA et de l\u2019IA, ci-apr\u00e8s d\u00e9nomm\u00e9 \u00ab\u00a0le salon\u00a0\u00bb, quelle que soit leur [&hellip;]<\/p>\n","protected":false},"author":12,"featured_media":0,"parent":0,"menu_order":0,"comment_status":"closed","ping_status":"closed","template":"","meta":{"ocean_post_layout":"","ocean_both_sidebars_style":"","ocean_both_sidebars_content_width":0,"ocean_both_sidebars_sidebars_width":0,"ocean_sidebar":"0","ocean_second_sidebar":"0","ocean_disable_margins":"enable","ocean_add_body_class":"","ocean_shortcode_before_top_bar":"","ocean_shortcode_after_top_bar":"","ocean_shortcode_before_header":"","ocean_shortcode_after_header":"","ocean_has_shortcode":"","ocean_shortcode_after_title":"","ocean_shortcode_before_footer_widgets":"","ocean_shortcode_after_footer_widgets":"","ocean_shortcode_before_footer_bottom":"","ocean_shortcode_after_footer_bottom":"","ocean_display_top_bar":"default","ocean_display_header":"default","ocean_header_style":"","ocean_center_header_left_menu":"0","ocean_custom_header_template":"0","ocean_custom_logo":0,"ocean_custom_retina_logo":0,"ocean_custom_logo_max_width":0,"ocean_custom_logo_tablet_max_width":0,"ocean_custom_logo_mobile_max_width":0,"ocean_custom_logo_max_height":0,"ocean_custom_logo_tablet_max_height":0,"ocean_custom_logo_mobile_max_height":0,"ocean_header_custom_menu":"0","ocean_menu_typo_font_family":"0","ocean_menu_typo_font_subset":"","ocean_menu_typo_font_size":0,"ocean_menu_typo_font_size_tablet":0,"ocean_menu_typo_font_size_mobile":0,"ocean_menu_typo_font_size_unit":"px","ocean_menu_typo_font_weight":"","ocean_menu_typo_font_weight_tablet":"","ocean_menu_typo_font_weight_mobile":"","ocean_menu_typo_transform":"","ocean_menu_typo_transform_tablet":"","ocean_menu_typo_transform_mobile":"","ocean_menu_typo_line_height":0,"ocean_menu_typo_line_height_tablet":0,"ocean_menu_typo_line_height_mobile":0,"ocean_menu_typo_line_height_unit":"","ocean_menu_typo_spacing":0,"ocean_menu_typo_spacing_tablet":0,"ocean_menu_typo_spacing_mobile":0,"ocean_menu_typo_spacing_unit":"","ocean_menu_link_color":"","ocean_menu_link_color_hover":"","ocean_menu_link_color_active":"","ocean_menu_link_background":"","ocean_menu_link_hover_background":"","ocean_menu_link_active_background":"","ocean_menu_social_links_bg":"","ocean_menu_social_hover_links_bg":"","ocean_menu_social_links_color":"","ocean_menu_social_hover_links_color":"","ocean_disable_title":"default","ocean_disable_heading":"default","ocean_post_title":"","ocean_post_subheading":"","ocean_post_title_style":"","ocean_post_title_background_color":"","ocean_post_title_background":0,"ocean_post_title_bg_image_position":"","ocean_post_title_bg_image_attachment":"","ocean_post_title_bg_image_repeat":"","ocean_post_title_bg_image_size":"","ocean_post_title_height":0,"ocean_post_title_bg_overlay":0.5,"ocean_post_title_bg_overlay_color":"","ocean_disable_breadcrumbs":"default","ocean_breadcrumbs_color":"","ocean_breadcrumbs_separator_color":"","ocean_breadcrumbs_links_color":"","ocean_breadcrumbs_links_hover_color":"","ocean_display_footer_widgets":"default","ocean_display_footer_bottom":"default","ocean_custom_footer_template":"0","footnotes":""},"class_list":["post-7178","page","type-page","status-publish","hentry","entry"],"yoast_head":"<!-- This site is optimized with the Yoast SEO plugin v26.5 - https:\/\/yoast.com\/wordpress\/plugins\/seo\/ -->\n<title>La Charte de bonne conduite - Salon de la DATA<\/title>\n<meta name=\"robots\" content=\"index, follow, max-snippet:-1, max-image-preview:large, max-video-preview:-1\" \/>\n<link rel=\"canonical\" href=\"https:\/\/salondata.fr\/index.php\/charte-bonne-conduite\/\" \/>\n<meta property=\"og:locale\" content=\"fr_FR\" \/>\n<meta property=\"og:type\" content=\"article\" \/>\n<meta property=\"og:title\" content=\"La Charte de bonne conduite - Salon de la DATA\" \/>\n<meta property=\"og:description\" content=\"&gt; Un salon hybride &gt; Acc\u00e8s \u00e0 la Cit\u00e9 des Congr\u00e8s de Nantes &gt; Une d\u00e9marche \u00e9co responsable LA CHARTE DE BONNE CONDUITE DU SALON DE LA DATA ET DE L&rsquo;IA Le pr\u00e9sent r\u00e8glement concerne toutes les parties prenantes du Salon de la DATA et de l\u2019IA, ci-apr\u00e8s d\u00e9nomm\u00e9 \u00ab\u00a0le salon\u00a0\u00bb, quelle que soit leur [&hellip;]\" \/>\n<meta property=\"og:url\" content=\"https:\/\/salondata.fr\/index.php\/charte-bonne-conduite\/\" \/>\n<meta property=\"og:site_name\" content=\"Salon de la DATA\" \/>\n<meta property=\"article:modified_time\" content=\"2024-06-18T13:45:28+00:00\" \/>\n<meta name=\"twitter:card\" content=\"summary_large_image\" \/>\n<meta name=\"twitter:site\" content=\"@SalonData\" \/>\n<meta name=\"twitter:label1\" content=\"Dur\u00e9e de lecture estim\u00e9e\" \/>\n\t<meta name=\"twitter:data1\" content=\"6 minutes\" \/>\n<script type=\"application\/ld+json\" class=\"yoast-schema-graph\">{\"@context\":\"https:\/\/schema.org\",\"@graph\":[{\"@type\":\"WebPage\",\"@id\":\"https:\/\/salondata.fr\/index.php\/charte-bonne-conduite\/\",\"url\":\"https:\/\/salondata.fr\/index.php\/charte-bonne-conduite\/\",\"name\":\"La Charte de bonne conduite - Salon de la DATA\",\"isPartOf\":{\"@id\":\"https:\/\/salondata.fr\/#website\"},\"datePublished\":\"2023-06-09T08:29:25+00:00\",\"dateModified\":\"2024-06-18T13:45:28+00:00\",\"breadcrumb\":{\"@id\":\"https:\/\/salondata.fr\/index.php\/charte-bonne-conduite\/#breadcrumb\"},\"inLanguage\":\"fr-FR\",\"potentialAction\":[{\"@type\":\"ReadAction\",\"target\":[\"https:\/\/salondata.fr\/index.php\/charte-bonne-conduite\/\"]}]},{\"@type\":\"BreadcrumbList\",\"@id\":\"https:\/\/salondata.fr\/index.php\/charte-bonne-conduite\/#breadcrumb\",\"itemListElement\":[{\"@type\":\"ListItem\",\"position\":1,\"name\":\"Accueil\",\"item\":\"https:\/\/salondata.fr\/\"},{\"@type\":\"ListItem\",\"position\":2,\"name\":\"La Charte de bonne conduite\"}]},{\"@type\":\"WebSite\",\"@id\":\"https:\/\/salondata.fr\/#website\",\"url\":\"https:\/\/salondata.fr\/\",\"name\":\"Salon de la DATA\",\"description\":\"Un salon par et pour les passionn\u00e9s de la data\",\"publisher\":{\"@id\":\"https:\/\/salondata.fr\/#organization\"},\"potentialAction\":[{\"@type\":\"SearchAction\",\"target\":{\"@type\":\"EntryPoint\",\"urlTemplate\":\"https:\/\/salondata.fr\/?s={search_term_string}\"},\"query-input\":{\"@type\":\"PropertyValueSpecification\",\"valueRequired\":true,\"valueName\":\"search_term_string\"}}],\"inLanguage\":\"fr-FR\"},{\"@type\":\"Organization\",\"@id\":\"https:\/\/salondata.fr\/#organization\",\"name\":\"Salon de la DATA\",\"url\":\"https:\/\/salondata.fr\/\",\"logo\":{\"@type\":\"ImageObject\",\"inLanguage\":\"fr-FR\",\"@id\":\"https:\/\/salondata.fr\/#\/schema\/logo\/image\/\",\"url\":\"https:\/\/salondata.fr\/wp-content\/uploads\/2019\/06\/SD_LogoMacaron_2_Positif.jpg\",\"contentUrl\":\"https:\/\/salondata.fr\/wp-content\/uploads\/2019\/06\/SD_LogoMacaron_2_Positif.jpg\",\"width\":1180,\"height\":959,\"caption\":\"Salon de la DATA\"},\"image\":{\"@id\":\"https:\/\/salondata.fr\/#\/schema\/logo\/image\/\"},\"sameAs\":[\"https:\/\/x.com\/SalonData\",\"https:\/\/www.youtube.com\/channel\/UCZdnpbTbaMrXtRcBh16UPpQ\"]}]}<\/script>\n<!-- \/ Yoast SEO plugin. -->","yoast_head_json":{"title":"La Charte de bonne conduite - Salon de la DATA","robots":{"index":"index","follow":"follow","max-snippet":"max-snippet:-1","max-image-preview":"max-image-preview:large","max-video-preview":"max-video-preview:-1"},"canonical":"https:\/\/salondata.fr\/index.php\/charte-bonne-conduite\/","og_locale":"fr_FR","og_type":"article","og_title":"La Charte de bonne conduite - Salon de la DATA","og_description":"&gt; Un salon hybride &gt; Acc\u00e8s \u00e0 la Cit\u00e9 des Congr\u00e8s de Nantes &gt; Une d\u00e9marche \u00e9co responsable LA CHARTE DE BONNE CONDUITE DU SALON DE LA DATA ET DE L&rsquo;IA Le pr\u00e9sent r\u00e8glement concerne toutes les parties prenantes du Salon de la DATA et de l\u2019IA, ci-apr\u00e8s d\u00e9nomm\u00e9 \u00ab\u00a0le salon\u00a0\u00bb, quelle que soit leur [&hellip;]","og_url":"https:\/\/salondata.fr\/index.php\/charte-bonne-conduite\/","og_site_name":"Salon de la DATA","article_modified_time":"2024-06-18T13:45:28+00:00","twitter_card":"summary_large_image","twitter_site":"@SalonData","twitter_misc":{"Dur\u00e9e de lecture estim\u00e9e":"6 minutes"},"schema":{"@context":"https:\/\/schema.org","@graph":[{"@type":"WebPage","@id":"https:\/\/salondata.fr\/index.php\/charte-bonne-conduite\/","url":"https:\/\/salondata.fr\/index.php\/charte-bonne-conduite\/","name":"La Charte de bonne conduite - Salon de la DATA","isPartOf":{"@id":"https:\/\/salondata.fr\/#website"},"datePublished":"2023-06-09T08:29:25+00:00","dateModified":"2024-06-18T13:45:28+00:00","breadcrumb":{"@id":"https:\/\/salondata.fr\/index.php\/charte-bonne-conduite\/#breadcrumb"},"inLanguage":"fr-FR","potentialAction":[{"@type":"ReadAction","target":["https:\/\/salondata.fr\/index.php\/charte-bonne-conduite\/"]}]},{"@type":"BreadcrumbList","@id":"https:\/\/salondata.fr\/index.php\/charte-bonne-conduite\/#breadcrumb","itemListElement":[{"@type":"ListItem","position":1,"name":"Accueil","item":"https:\/\/salondata.fr\/"},{"@type":"ListItem","position":2,"name":"La Charte de bonne conduite"}]},{"@type":"WebSite","@id":"https:\/\/salondata.fr\/#website","url":"https:\/\/salondata.fr\/","name":"Salon de la DATA","description":"Un salon par et pour les passionn\u00e9s de la data","publisher":{"@id":"https:\/\/salondata.fr\/#organization"},"potentialAction":[{"@type":"SearchAction","target":{"@type":"EntryPoint","urlTemplate":"https:\/\/salondata.fr\/?s={search_term_string}"},"query-input":{"@type":"PropertyValueSpecification","valueRequired":true,"valueName":"search_term_string"}}],"inLanguage":"fr-FR"},{"@type":"Organization","@id":"https:\/\/salondata.fr\/#organization","name":"Salon de la DATA","url":"https:\/\/salondata.fr\/","logo":{"@type":"ImageObject","inLanguage":"fr-FR","@id":"https:\/\/salondata.fr\/#\/schema\/logo\/image\/","url":"https:\/\/salondata.fr\/wp-content\/uploads\/2019\/06\/SD_LogoMacaron_2_Positif.jpg","contentUrl":"https:\/\/salondata.fr\/wp-content\/uploads\/2019\/06\/SD_LogoMacaron_2_Positif.jpg","width":1180,"height":959,"caption":"Salon de la DATA"},"image":{"@id":"https:\/\/salondata.fr\/#\/schema\/logo\/image\/"},"sameAs":["https:\/\/x.com\/SalonData","https:\/\/www.youtube.com\/channel\/UCZdnpbTbaMrXtRcBh16UPpQ"]}]}},"_links":{"self":[{"href":"https:\/\/salondata.fr\/index.php\/wp-json\/wp\/v2\/pages\/7178","targetHints":{"allow":["GET"]}}],"collection":[{"href":"https:\/\/salondata.fr\/index.php\/wp-json\/wp\/v2\/pages"}],"about":[{"href":"https:\/\/salondata.fr\/index.php\/wp-json\/wp\/v2\/types\/page"}],"author":[{"embeddable":true,"href":"https:\/\/salondata.fr\/index.php\/wp-json\/wp\/v2\/users\/12"}],"replies":[{"embeddable":true,"href":"https:\/\/salondata.fr\/index.php\/wp-json\/wp\/v2\/comments?post=7178"}],"version-history":[{"count":9,"href":"https:\/\/salondata.fr\/index.php\/wp-json\/wp\/v2\/pages\/7178\/revisions"}],"predecessor-version":[{"id":9161,"href":"https:\/\/salondata.fr\/index.php\/wp-json\/wp\/v2\/pages\/7178\/revisions\/9161"}],"wp:attachment":[{"href":"https:\/\/salondata.fr\/index.php\/wp-json\/wp\/v2\/media?parent=7178"}],"curies":[{"name":"wp","href":"https:\/\/api.w.org\/{rel}","templated":true}]}}